{"id":10849,"date":"2022-04-20T11:43:21","date_gmt":"2022-04-20T11:43:21","guid":{"rendered":"https:\/\/kabiosile.org\/?page_id=10849"},"modified":"2022-07-26T10:11:09","modified_gmt":"2022-07-26T10:11:09","slug":"sobre-kabiosil","status":"publish","type":"page","link":"https:\/\/kabiosile.org\/es\/sobre-kabiosil\/","title":{"rendered":"Acerca de Kabiosile"},"content":{"rendered":"<div data-font-color=\"dark\" class=\"wvc-clearfix  wvc-row wvc-parent-row wvc-row-width-wide wvc-row-layout-column wvc-video-bg-is-mute wvc-row-bg-effect-none wvc-row-bg-default wvc-font-dark wvc-border-color-none wvc-background-color-default wvc-row-content-placement-default wvc-row-columns-placement-default section\" style=\"padding-top:100px;padding-bottom:120px;\"><div class=\"wvc-row-wrapper wvc-row-wrapper-width-small wvc-row-column-equal-height-\" style=\"\"><div class=\"wvc-row-content\"><div class=\"wvc-columns-container\" style=\"\"><div id=\"wvc-col-4185\" class=\"wvc-col-12 wvc-column wvc-column-content-placement-default wvc-column-content-type-default wvc-column-content-alignment-center wvc-column-text-alignment-default\" data-base-width-int=\"12\" style=\"\"><div class=\"wvc-column-container wvc-column-bg-default wvc-column-bg-effect-none wvc-font-inherit wvc-column-font-inherit wvc-column-style-none wvc-border-color-none wvc-background-color-default\" style=\"\"><div class=\"wvc-column-inner\"><div class=\"wvc-column-wrapper wpb_wrapper\" style=\"max-width:650px;\"><div class=\"wvc-custom-heading wvc-element wvc-text-align-center\" style=\"opacity:0.3;margin-bottom:-20px;\" data-aos=\"fade\" data-aos-once=\"true\"><h2 style=\"font-size:75px;text-align:center;line-height:1.5;font-family:HarleyStyle;text-transform:none;\" class=\"wvc-mobile-text-align- wvc-text-color-default\"\n\t\tdata-heading-text=\"Kabiosile History\"\n\t\tdata-max-font-size=\"75\"\n\t\tdata-min-font-size=\"18\">Historia de Kabiosil<\/h2><\/div><div class=\"wvc-overflow-hidden wvc-custom-heading wvc-element wvc-text-align-center\" style=\"\"><h2 style=\"animation-delay:0.3s;-webkit-animation-delay:0.3s;font-size:35px;text-align:center;line-height:1.5;\" class=\"wvc-wow fadeInUp wvc-mobile-text-align- wvc-text-color-default\"\n\t\tdata-heading-text=\"The Label\"\n\t\tdata-max-font-size=\"35\"\n\t\tdata-min-font-size=\"18\">La etiqueta<\/h2><\/div><div class=\"wvc-text-block wvc-clearfix wvc-element wvc-mobile-text-align-\" style=\"\" data-aos=\"fade\" data-aos-once=\"true\" data-aos-delay=\"600\"><div class=\"wbp_wrapper\"><p><span class=\"wvc-dropcap\" style=\"font-style:normal;\">k<\/span>abiosile es una compa\u00f1\u00eda cinematogr\u00e1fica y discogr\u00e1fica independiente dedicada a preservar y compartir m\u00fasica de las diversas tradiciones afrocubanas que se encuentran en Matanzas, Cuba.<\/p>\n<p>El <em>Kabiosil<\/em> El nombre es una pronunciaci\u00f3n y ortograf\u00eda afrocubana\/Lucumi de la palabra yoruba &quot;kabiyesi&quot;, que significa &quot;Salve su majestad&quot;. <em>Kabiosil!<\/em> O <em>\u00a1Kawo kabiosil!<\/em> Es un saludo de respeto a Chang\u00f3, el Orisha guerrero de los truenos y rel\u00e1mpagos y due\u00f1o de todos los tambores.<\/p>\n<p>El sello fue fundado por Tina Gallagher en 2003. Estaba tan conmovida por el poder de la m\u00fasica que encontr\u00f3 en Matanzas que quiso compartirla con otros.<\/p>\n<p>Dentro de Cuba, llaman a Matanzas \u201cla fuente\u201d, porque todas las tradiciones afrocubanas son muy fuertes all\u00ed: Santer\u00eda\/Lucumi, Palo, Arara, Abakua.<\/p>\n<p>Tina ten\u00eda acceso exclusivo al anciano Alfredo Calvo, <em>ibae<\/em>, y el Maestro Baterista Daniel Alfonso, <em>ibae<\/em>, durante los 10 a\u00f1os que vivi\u00f3 en Matanzas. Fueron la fuerza y la inspiraci\u00f3n detr\u00e1s de Kabiosile, y su legado perdura a trav\u00e9s de los CD y DVD que inspiraron.<\/p>\n<p>Mientras estuvo en Cuba, Tina fue asistida por Alberto Calvo, un muy respetado Santero, Palero, Abakua, maestro baterista y <em>akpwon<\/em>. Tambi\u00e9n se ha beneficiado de la experiencia y excelente asesoramiento de Michael Spiro, Santero, maestro baterista, <em>akpwon<\/em>y artista de grabaci\u00f3n.<\/p>\n<p>Tina es Santera y est\u00e1 consagrada a Obatal\u00e1. Fue iniciada en Oakland, California en 1996 en la <em>ile<\/em> de Pedro de Jes\u00fas, y recibi\u00f3 su cuchillo (<em>pinaldo<\/em> o <em>cuchillo<\/em>) en Matanzas en 1997. Regres\u00f3 a Matanzas en 2000 para casarse con Alberto Calvo y vivi\u00f3 all\u00ed hasta 2010.<\/p>\n<blockquote><p>\n\u201cCreo que la m\u00fasica es uno de los aspectos m\u00e1s bellos de la religi\u00f3n, a la vez poderoso y edificante. La oportunidad de compartir algo de esa belleza con el resto del mundo ha sido una gran bendici\u00f3n para m\u00ed\u201d.\n<\/p><\/blockquote>\n<\/div><!--.wbp_wrapper--><\/div><!--.wvc-text-block--><\/div><!--.wvc-column-wrapper--><\/div><!--.wvc-column-inner--><\/div><!--.wvc-column-container--><\/div><!--.wvc-column--><\/div><!--.wvc-columns-container--><\/div><!--.wvc-row-content--><\/div><!--.wvc-row-wrapper--><\/div><!--.wvc-row--><\/p>","protected":false},"excerpt":{"rendered":"Historia de KabiosileEl selloKabiosile es una compa\u00f1\u00eda cinematogr\u00e1fica y discogr\u00e1fica independiente dedicada a preservar y compartir m\u00fasica de las diversas tradiciones afrocubanas que se encuentran en Matanzas, Cuba. El nombre Kabiosile es una pronunciaci\u00f3n y ortograf\u00eda afrocubana\/Lucumi de la palabra yoruba &quot;kabiyesi&quot;, que significa &quot;Salve su majestad&quot;. Kabiosil! \u00a1O Kawo kabiosile! es un saludo de respeto...<p><a rel=\"bookmark\" class=\"theme-button-text wvc-button wvc-button-size-xs\" href=\"https:\/\/kabiosile.org\/es\/sobre-kabiosil\/\"><small class=\"wvc-button-background-fill\"><\/small><span>sigue leyendo<\/span><\/a><\/p>","protected":false},"author":1,"featured_media":10857,"parent":0,"menu_order":0,"comment_status":"closed","ping_status":"closed","template":"","meta":{"footnotes":""},"class_list":{"0":"post-10849","1":"page","2":"type-page","3":"status-publish","4":"has-post-thumbnail","5":"hentry","6":"entry","7":"clearfix","8":"entry-grid","9":"entry-columns-default","10":"entry-page-module-layout-standard","11":"thumbnail-color-tone-dark","12":"entry-page","14":"entry-page-grid"},"_links":{"self":[{"href":"https:\/\/kabiosile.org\/es\/wp-json\/wp\/v2\/pages\/10849","targetHints":{"allow":["GET"]}}],"collection":[{"href":"https:\/\/kabiosile.org\/es\/wp-json\/wp\/v2\/pages"}],"about":[{"href":"https:\/\/kabiosile.org\/es\/wp-json\/wp\/v2\/types\/page"}],"author":[{"embeddable":true,"href":"https:\/\/kabiosile.org\/es\/wp-json\/wp\/v2\/users\/1"}],"replies":[{"embeddable":true,"href":"https:\/\/kabiosile.org\/es\/wp-json\/wp\/v2\/comments?post=10849"}],"version-history":[{"count":4,"href":"https:\/\/kabiosile.org\/es\/wp-json\/wp\/v2\/pages\/10849\/revisions"}],"predecessor-version":[{"id":12586,"href":"https:\/\/kabiosile.org\/es\/wp-json\/wp\/v2\/pages\/10849\/revisions\/12586"}],"wp:featuredmedia":[{"embeddable":true,"href":"https:\/\/kabiosile.org\/es\/wp-json\/wp\/v2\/media\/10857"}],"wp:attachment":[{"href":"https:\/\/kabiosile.org\/es\/wp-json\/wp\/v2\/media?parent=10849"}],"curies":[{"name":"Gracias","href":"https:\/\/api.w.org\/{rel}","templated":true}]}}