{"id":10862,"date":"2022-04-20T12:55:16","date_gmt":"2022-04-20T12:55:16","guid":{"rendered":"https:\/\/kabiosile.org\/?page_id=10862"},"modified":"2023-05-23T05:34:37","modified_gmt":"2023-05-23T05:34:37","slug":"artistas","status":"publish","type":"page","link":"https:\/\/kabiosile.org\/es\/artistas\/","title":{"rendered":"Artistas"},"content":{"rendered":"<div  data-font-color=\"dark\" class=\"wvc-clearfix  wvc-row wvc-parent-row wvc-row-width-wide wvc-row-layout-column wvc-video-bg-is-mute wvc-row-bg-effect-none wvc-row-bg-default wvc-font-dark wvc-border-color-none wvc-background-color-default wvc-row-content-placement-default wvc-row-columns-placement-default section\" style=\"padding-top:120px;padding-bottom:120px;\"><div class=\"wvc-row-wrapper wvc-row-wrapper-width-standard wvc-row-column-equal-height-\" style=\"\"><div class=\"wvc-row-content\"><div class=\"wvc-columns-container\" style=\"\"><div id=\"wvc-col-2220\" class=\"wvc-col-12 wvc-column wvc-column-content-placement-default wvc-column-content-type-default wvc-column-content-alignment-center wvc-column-text-alignment-default\" data-base-width-int=\"12\" style=\"\"><div class=\"wvc-column-container wvc-column-bg-default wvc-column-bg-effect-none wvc-font-inherit wvc-column-font-inherit wvc-column-style-none wvc-border-color-none wvc-background-color-default\" style=\"\"><div class=\"wvc-column-inner\"><div class=\"wvc-column-wrapper wpb_wrapper\" style=\"\"><div id=\"index-9151\" data-post-type=\"artist\" data-params=\"{&quot;post_type&quot;:&quot;artist&quot;,&quot;grid_padding&quot;:&quot;yes&quot;,&quot;item_animation&quot;:&quot;none&quot;,&quot;columns&quot;:&quot;2&quot;,&quot;overlay_color&quot;:&quot;auto&quot;,&quot;overlay_text_color&quot;:&quot;white&quot;,&quot;overlay_opacity&quot;:1,&quot;caption_text_alignment&quot;:&quot;center&quot;,&quot;caption_v_align&quot;:&quot;middle&quot;,&quot;post_display&quot;:&quot;standard&quot;,&quot;post_metro_pattern&quot;:&quot;auto&quot;,&quot;post_module&quot;:&quot;grid&quot;,&quot;post_thumbnail_size&quot;:&quot;standard&quot;,&quot;post_layout&quot;:&quot;standard&quot;,&quot;post_excerpt_type&quot;:&quot;auto&quot;,&quot;post_excerpt_length&quot;:&quot;shorten&quot;,&quot;post_display_elements&quot;:&quot;show_thumbnail,show_date,show_text,show_category,show_author,show_tags,show_extra_meta&quot;,&quot;pagination&quot;:&quot;none&quot;,&quot;page_display&quot;:&quot;grid&quot;,&quot;work_display&quot;:&quot;grid&quot;,&quot;work_module&quot;:&quot;grid&quot;,&quot;work_thumbnail_size&quot;:&quot;standard&quot;,&quot;work_layout&quot;:&quot;overlay&quot;,&quot;work_category_filter&quot;:true,&quot;work_category_filter_text_alignment&quot;:&quot;center&quot;,&quot;work_hover_effect&quot;:&quot;default&quot;,&quot;product_display&quot;:&quot;grid&quot;,&quot;product_metro_pattern&quot;:&quot;pattern-1&quot;,&quot;product_module&quot;:&quot;grid&quot;,&quot;release_display&quot;:&quot;grid&quot;,&quot;release_metro_pattern&quot;:&quot;pattern-1&quot;,&quot;release_hover_effect&quot;:&quot;default&quot;,&quot;release_category_filter_text_alignment&quot;:&quot;center&quot;,&quot;release_module&quot;:&quot;grid&quot;,&quot;release_thumbnail_size&quot;:&quot;square&quot;,&quot;release_layout&quot;:&quot;standard&quot;,&quot;event_display&quot;:&quot;list&quot;,&quot;event_module&quot;:&quot;grid&quot;,&quot;event_thumbnail_size&quot;:&quot;standard&quot;,&quot;event_location&quot;:&quot;location&quot;,&quot;timeline&quot;:&quot;future&quot;,&quot;mp_event_display&quot;:&quot;grid&quot;,&quot;mp_event_module&quot;:&quot;grid&quot;,&quot;video_display&quot;:&quot;grid&quot;,&quot;video_layout&quot;:&quot;overlay&quot;,&quot;video_module&quot;:&quot;grid&quot;,&quot;video_onclick&quot;:&quot;lightbox&quot;,&quot;video_category_filter&quot;:&quot;1&quot;,&quot;video_category_filter_text_alignment&quot;:&quot;center&quot;,&quot;artist_display&quot;:&quot;grid&quot;,&quot;artist_metro_pattern&quot;:&quot;auto&quot;,&quot;artist_hover_effect&quot;:&quot;default&quot;,&quot;artist_module&quot;:&quot;grid&quot;,&quot;artist_category_filter_text_alignment&quot;:&quot;center&quot;,&quot;artist_thumbnail_size&quot;:&quot;square&quot;,&quot;gallery_display&quot;:&quot;grid&quot;,&quot;gallery_module&quot;:&quot;grid&quot;,&quot;gallery_thumbnail_size&quot;:&quot;standard&quot;,&quot;gallery_custom_thumbnail_size&quot;:&quot;standard&quot;,&quot;gallery_layout&quot;:&quot;standard&quot;,&quot;gallery_category_filter&quot;:true,&quot;gallery_category_filter_text_alignment&quot;:&quot;center&quot;,&quot;gallery_hover_effect&quot;:&quot;default&quot;,&quot;attachment_display&quot;:&quot;masonry_horizontal&quot;,&quot;attachment_thumbnail_size&quot;:&quot;standard&quot;,&quot;attachment_custom_thumbnail_size&quot;:&quot;standard&quot;,&quot;job_display&quot;:&quot;list&quot;,&quot;context&quot;:&quot;archive&quot;,&quot;el_id&quot;:&quot;index-9151&quot;,&quot;artist_layout&quot;:&quot;overlay&quot;}\" class=\"clearfix items wvc-element wolf-core-element entry-grid-loading artist-items artists caption-text-align-center caption-valign-middle grid-padding-yes display-grid artist-display-grid module-grid artist-module-grid items-thumbnail-size-square layout-overlay artist-layout-overlay pagination-none grid no-filtered-content hover-effect-default artist-hover-effect-default\" data-scroll data-scroll-css-progress>\n<article id=\"post-8608\" class=\"post-8608 artist type-artist status-publish has-post-thumbnail hentry artist_genre-afro-cuban-folkloric entry clearfix entry-grid entry-columns-2 entry-artist-module-layout-overlay thumbnail-color-tone-dark entry-artist entry-artist-grid\" data-post-id=\"8608\" data-thumbnail-color-tone=\"dark\" >\n\t<div class=\"entry-box\">\n\t\t<div class=\"entry-container\">\n\t\t\t<a itemprop=\"url\" class=\"entry-link-mask\" href=\"https:\/\/kabiosile.org\/es\/artista\/daniel-alfonso\/\"><\/a>\n\t\t\t<div class=\"entry-image\">\n\t\t\t\t\t\t\t<img loading=\"lazy\" decoding=\"async\" class=\"resized-thumbnail\" src=\"https:\/\/cdn.kabiosile.org\/wp-content\/uploads\/2022\/04\/daniel-alfonso-header-bg-30-dark-web-640x640.jpg\" width=\"640\" height=\"640\" alt=\"daniel alfonso\" title=\"daniel-alfonso-encabezado-bg-30-dark-web\" \/>\t\t<\/div><!-- .entry-image -->\n\t\t<div class=\"entry-inner\">\n\t\t\t<div style=\"background-color:#625442;opacity:0.01;\" class=\"bg-overlay\"><\/div><!--.bg-overlay-->\t\t\t\t<div class=\"entry-summary\">\n\t\t\t\t\t\t\t\t\t\t<a itemprop=\"url\" href=\"https:\/\/kabiosile.org\/es\/artista\/daniel-alfonso\/\">\n\t\t\t\t\t\t<h3 itemprop=\"name\" class=\"entry-title\">daniel alfonso<\/h3>\t\t\t\t\t<\/a>\n\t\t\t\t\t\t<div class=\"entry-taxonomy\">\n\t\t<a href=\"https:\/\/kabiosile.org\/es\/genero-del-artista\/folklorico-afrocubano\/\" rel=\"tag\">Folkl\u00f3rico afrocubano<\/a>\t<\/div><!-- .entry-taxonomy -->\n\t\t\t\t\t\t<\/div><!--  .entry-summary  -->\n\t\t\t<\/div><!--  .entry-summary-container  -->\n\t\t<\/div>\n\t<\/div><!-- .entry-container -->\n<\/article><!-- #post-## -->\n<article id=\"post-9829\" class=\"post-9829 artist type-artist status-publish has-post-thumbnail hentry artist_genre-afro-cuban-folkloric entry clearfix entry-grid entry-columns-2 entry-artist-module-layout-overlay thumbnail-color-tone-dark entry-artist entry-artist-grid\" data-post-id=\"9829\" data-thumbnail-color-tone=\"dark\" >\n\t<div class=\"entry-box\">\n\t\t<div class=\"entry-container\">\n\t\t\t<a itemprop=\"url\" class=\"entry-link-mask\" href=\"https:\/\/kabiosile.org\/es\/artista\/alfredo-calvo\/\"><\/a>\n\t\t\t<div class=\"entry-image\">\n\t\t\t\t\t\t\t<img loading=\"lazy\" decoding=\"async\" class=\"resized-thumbnail\" src=\"https:\/\/cdn.kabiosile.org\/wp-content\/uploads\/2022\/04\/artists-alfredo-calvo-cano-web-640x640.jpg\" width=\"640\" height=\"640\" alt=\"Artistas - Alfredo Calvo Cano\" title=\"artistas-alfredo-calvo-cano-web\" \/>\t\t<\/div><!-- .entry-image -->\n\t\t<div class=\"entry-inner\">\n\t\t\t<div style=\"background-color:#5F5A58;opacity:0.01;\" class=\"bg-overlay\"><\/div><!--.bg-overlay-->\t\t\t\t<div class=\"entry-summary\">\n\t\t\t\t\t\t\t\t\t\t<a itemprop=\"url\" href=\"https:\/\/kabiosile.org\/es\/artista\/alfredo-calvo\/\">\n\t\t\t\t\t\t<h3 itemprop=\"name\" class=\"entry-title\">Alfredo Calvo<\/h3>\t\t\t\t\t<\/a>\n\t\t\t\t\t\t<div class=\"entry-taxonomy\">\n\t\t<a href=\"https:\/\/kabiosile.org\/es\/genero-del-artista\/folklorico-afrocubano\/\" rel=\"tag\">Folkl\u00f3rico afrocubano<\/a>\t<\/div><!-- .entry-taxonomy -->\n\t\t\t\t\t\t<\/div><!--  .entry-summary  -->\n\t\t\t<\/div><!--  .entry-summary-container  -->\n\t\t<\/div>\n\t<\/div><!-- .entry-container -->\n<\/article><!-- #post-## -->\n<\/div><!--.items--><\/div><!--.wvc-column-wrapper--><\/div><!--.wvc-column-inner--><\/div><!--.wvc-column-container--><\/div><!--.wvc-column--><\/div><!--.wvc-columns-container--><\/div><!--.wvc-row-content--><\/div><!--.wvc-row-wrapper--><\/div><!--.wvc-row-->","protected":false},"excerpt":{"rendered":"ALFREDO CALVO CANO Alfredo Calvo muri\u00f3 el 26 de agosto de 2011 y el mundo perdi\u00f3 un verdadero tesoro folcl\u00f3rico afrocubano. Alfredo fue un sacerdote de Agayu con m\u00e1s de 50 a\u00f1os de Ocha. Era (si no el) Anciano de la rama Egwado de la religi\u00f3n de la Santer\u00eda, de la cual su t\u00eda, Fermina G\u00f3mez (Ocha Bi),...<p><a rel=\"bookmark\" class=\"theme-button-text wvc-button wvc-button-size-xs\" href=\"https:\/\/kabiosile.org\/es\/artista\/alfredo-calvo\/\"><small class=\"wvc-button-background-fill\"><\/small><span>sigue leyendo<\/span><\/a><\/p>","protected":false},"author":1,"featured_media":11077,"parent":0,"menu_order":0,"comment_status":"closed","ping_status":"closed","template":"","meta":{"footnotes":""},"class_list":{"0":"post-10862","1":"page","2":"type-page","3":"status-publish","4":"has-post-thumbnail","5":"hentry","6":"entry","7":"clearfix","8":"entry-grid","9":"entry-columns-default","10":"entry-artist-module-layout-standard","11":"thumbnail-color-tone-dark","12":"entry-artist","14":"entry-artist-grid"},"_links":{"self":[{"href":"https:\/\/kabiosile.org\/es\/wp-json\/wp\/v2\/pages\/10862","targetHints":{"allow":["GET"]}}],"collection":[{"href":"https:\/\/kabiosile.org\/es\/wp-json\/wp\/v2\/pages"}],"about":[{"href":"https:\/\/kabiosile.org\/es\/wp-json\/wp\/v2\/types\/page"}],"author":[{"embeddable":true,"href":"https:\/\/kabiosile.org\/es\/wp-json\/wp\/v2\/users\/1"}],"replies":[{"embeddable":true,"href":"https:\/\/kabiosile.org\/es\/wp-json\/wp\/v2\/comments?post=10862"}],"version-history":[{"count":3,"href":"https:\/\/kabiosile.org\/es\/wp-json\/wp\/v2\/pages\/10862\/revisions"}],"predecessor-version":[{"id":10867,"href":"https:\/\/kabiosile.org\/es\/wp-json\/wp\/v2\/pages\/10862\/revisions\/10867"}],"wp:featuredmedia":[{"embeddable":true,"href":"https:\/\/kabiosile.org\/es\/wp-json\/wp\/v2\/media\/11077"}],"wp:attachment":[{"href":"https:\/\/kabiosile.org\/es\/wp-json\/wp\/v2\/media?parent=10862"}],"curies":[{"name":"Gracias","href":"https:\/\/api.w.org\/{rel}","templated":true}]}}