{"id":10868,"date":"2022-04-20T12:59:07","date_gmt":"2022-04-20T12:59:07","guid":{"rendered":"https:\/\/kabiosile.org\/?page_id=10868"},"modified":"2024-03-21T02:47:18","modified_gmt":"2024-03-21T02:47:18","slug":"videos","status":"publish","type":"page","link":"https:\/\/kabiosile.org\/es\/videos\/","title":{"rendered":"V\u00eddeos"},"content":{"rendered":"<div  data-font-color=\"dark\" class=\"wvc-clearfix  wvc-row wvc-parent-row wvc-row-width-wide wvc-row-layout-column wvc-video-bg-is-mute wvc-row-bg-effect-none wvc-row-bg-default wvc-font-dark wvc-border-color-none wvc-background-color-default wvc-row-content-placement-default wvc-row-columns-placement-default section\" style=\"\"><div class=\"wvc-row-wrapper wvc-row-wrapper-width-standard wvc-row-column-equal-height-no\" style=\"\"><div class=\"wvc-row-content\"><div class=\"wvc-columns-container\" style=\"\"><div id=\"wvc-col-8927\" class=\"wvc-col-12 wvc-column wvc-column-content-placement-default wvc-column-content-type-default wvc-column-content-alignment-center wvc-column-text-alignment-default\" data-base-width-int=\"12\" style=\"\"><div class=\"wvc-column-container wvc-column-bg-default wvc-column-bg-effect-none wvc-font-inherit wvc-column-font-inherit wvc-column-style-none wvc-border-color-none wvc-background-color-default\" style=\"\"><div class=\"wvc-column-inner\"><div class=\"wvc-column-wrapper wpb_wrapper\" style=\"\"><div class=\"category-filter category-filter-video category-filter-text-align-center\">\n\t<ul>\n\t\t<li><a class=\"filter-video-index-link filter-link active\" href=\"https:\/\/kabiosile.org\/es\/videos\/\" data-filter=\"video\">Todo<\/a><\/li>\n\t\t\t\t\t<li>\n\t\t\t\t<a class=\"filter-link\" data-filter=\"video_type-alfredo-calvo\" href=\"https:\/\/kabiosile.org\/es\/videos-de-artistas\/alfredo-calvo\/\">Alfredo Calvo<\/a>\n\t\t\t<\/li>\n\t\t\t\t\t<li>\n\t\t\t\t<a class=\"filter-link\" data-filter=\"video_type-daniel-alfonso\" href=\"https:\/\/kabiosile.org\/es\/videos-de-artistas\/daniel-alfonso\/\">daniel alfonso<\/a>\n\t\t\t<\/li>\n\t\t\t\t\t<li>\n\t\t\t\t<a class=\"filter-link\" data-filter=\"video_type-esteban-chacha-vega\" href=\"https:\/\/kabiosile.org\/es\/videos-de-artistas\/esteban-chacha-vega\/\">Esteban \u201cChach\u00e1\u201d Vega<\/a>\n\t\t\t<\/li>\n\t\t\t<\/ul>\n<\/div><!-- .category-filter -->\n<div id=\"index-60543\" data-post-type=\"video\" data-params=\"{&quot;post_type&quot;:&quot;video&quot;,&quot;grid_padding&quot;:&quot;yes&quot;,&quot;item_animation&quot;:&quot;none&quot;,&quot;columns&quot;:&quot;3&quot;,&quot;overlay_color&quot;:&quot;auto&quot;,&quot;overlay_text_color&quot;:&quot;black&quot;,&quot;overlay_opacity&quot;:1,&quot;caption_text_alignment&quot;:&quot;center&quot;,&quot;caption_v_align&quot;:&quot;middle&quot;,&quot;post_display&quot;:&quot;standard&quot;,&quot;post_metro_pattern&quot;:&quot;auto&quot;,&quot;post_module&quot;:&quot;grid&quot;,&quot;post_thumbnail_size&quot;:&quot;standard&quot;,&quot;post_layout&quot;:&quot;standard&quot;,&quot;post_excerpt_type&quot;:&quot;auto&quot;,&quot;post_excerpt_length&quot;:&quot;shorten&quot;,&quot;post_display_elements&quot;:&quot;show_thumbnail,show_date,show_text,show_category,show_author,show_tags,show_extra_meta&quot;,&quot;pagination&quot;:&quot;none&quot;,&quot;page_display&quot;:&quot;grid&quot;,&quot;work_display&quot;:&quot;grid&quot;,&quot;work_module&quot;:&quot;grid&quot;,&quot;work_thumbnail_size&quot;:&quot;standard&quot;,&quot;work_layout&quot;:&quot;overlay&quot;,&quot;work_category_filter&quot;:true,&quot;work_category_filter_text_alignment&quot;:&quot;center&quot;,&quot;work_hover_effect&quot;:&quot;default&quot;,&quot;product_display&quot;:&quot;grid&quot;,&quot;product_metro_pattern&quot;:&quot;pattern-1&quot;,&quot;product_module&quot;:&quot;grid&quot;,&quot;product_category_link_id&quot;:&quot;Alfredo Calvo (118)&quot;,&quot;release_display&quot;:&quot;grid&quot;,&quot;release_metro_pattern&quot;:&quot;pattern-1&quot;,&quot;release_hover_effect&quot;:&quot;default&quot;,&quot;release_category_filter_text_alignment&quot;:&quot;center&quot;,&quot;release_module&quot;:&quot;grid&quot;,&quot;release_thumbnail_size&quot;:&quot;square&quot;,&quot;release_layout&quot;:&quot;standard&quot;,&quot;event_display&quot;:&quot;list&quot;,&quot;event_module&quot;:&quot;grid&quot;,&quot;event_thumbnail_size&quot;:&quot;standard&quot;,&quot;event_location&quot;:&quot;location&quot;,&quot;timeline&quot;:&quot;future&quot;,&quot;mp_event_display&quot;:&quot;grid&quot;,&quot;mp_event_module&quot;:&quot;grid&quot;,&quot;video_display&quot;:&quot;grid&quot;,&quot;video_layout&quot;:&quot;gallery&quot;,&quot;video_module&quot;:&quot;grid&quot;,&quot;video_onclick&quot;:&quot;lightbox&quot;,&quot;video_category_filter&quot;:&quot;true&quot;,&quot;video_category_filter_text_alignment&quot;:&quot;center&quot;,&quot;artist_display&quot;:&quot;grid&quot;,&quot;artist_metro_pattern&quot;:&quot;auto&quot;,&quot;artist_hover_effect&quot;:&quot;default&quot;,&quot;artist_module&quot;:&quot;grid&quot;,&quot;artist_category_filter_text_alignment&quot;:&quot;center&quot;,&quot;artist_thumbnail_size&quot;:&quot;standard&quot;,&quot;gallery_display&quot;:&quot;grid&quot;,&quot;gallery_module&quot;:&quot;grid&quot;,&quot;gallery_thumbnail_size&quot;:&quot;standard&quot;,&quot;gallery_custom_thumbnail_size&quot;:&quot;standard&quot;,&quot;gallery_layout&quot;:&quot;standard&quot;,&quot;gallery_category_filter&quot;:true,&quot;gallery_category_filter_text_alignment&quot;:&quot;center&quot;,&quot;gallery_hover_effect&quot;:&quot;default&quot;,&quot;attachment_display&quot;:&quot;masonry_horizontal&quot;,&quot;attachment_thumbnail_size&quot;:&quot;standard&quot;,&quot;attachment_custom_thumbnail_size&quot;:&quot;standard&quot;,&quot;job_display&quot;:&quot;list&quot;,&quot;context&quot;:&quot;archive&quot;,&quot;el_id&quot;:&quot;index-60543&quot;}\" class=\"clearfix items wvc-element wolf-core-element entry-grid-loading video-items videos caption-text-align-center caption-valign-middle grid-padding-yes display-grid video-display-grid module-grid video-module-grid items-thumbnail-size- layout-gallery video-layout-gallery pagination-none grid filtered-content video-preview-\" data-scroll data-scroll-css-progress>\n<article id=\"post-8918\" class=\"post-8918 video type-video status-publish has-post-thumbnail hentry video_type-daniel-alfonso entry-post-skin-dark entry clearfix entry-grid entry-columns-3 entry-video-module-layout-gallery thumbnail-color-tone-dark is-youtube has-video entry-video entry-video-grid\" data-post-id=\"8918\" data-thumbnail-color-tone=\"dark\" >\n\t<div class=\"entry-box\">\n\t\t<div class=\"entry-outer\">\n\t\t\t<div class=\"entry-container\">\n\t\t\t\t<a href=\"https:\/\/youtu.be\/Sq7U4R8TtPQ\" class=\"entry-link-mask lightbox-video pause-players\" target=\"_blank\" rel=\"noopener\"><\/a>\n\t\t\t\t\n\t\t\t\t<div class=\"entry-image\" style=\"background-color:#9B9796;\">\n\t\t\t\t\t<img loading=\"lazy\" decoding=\"async\" class=\"resized-thumbnail\" src=\"https:\/\/cdn.kabiosile.org\/wp-content\/uploads\/2019\/10\/la_meta_de_chango_thumb-web-475x280.jpg\" width=\"475\" height=\"280\" alt=\"la_meta_de_chango_thumb-web\" title=\"la_meta_de_chango_thumb-web\" \/>\t\t\t\t<\/div><!-- .entry-image -->\n\n\t\t\t\t<div class=\"video-play-button\">\n\t\t\t\t\t<span class=\"fa fa-3x video-play-icon\"><\/span>\n\t\t\t\t<\/div><!-- .video-play-button -->\n\t\t\t\t<div class=\"video-summary\">\n\t\t\t\t\t<div class=\"video-summary-inner\">\n\t\t\t\t\t\t<h2 class=\"entry-title\">\n\t\t\t\t\t\t\t\u201cLa Meta de Chango\u201d de El Lenguaje del Tambor\t\t\t\t\t\t<\/h2>\n\n\t\t\t\t\t<\/div><!-- .video-summary-inner -->\n\t\t\t\t<\/div><!-- .video-summary -->\n\t\t\t<\/div><!-- .entry-container -->\n\t\t<\/div><!-- .entry-outer -->\n\t<\/div><!-- .entry-box -->\n\t<\/article>\n<article id=\"post-11081\" class=\"post-11081 video type-video status-publish has-post-thumbnail hentry video_type-alfredo-calvo entry-post-skin-dark entry clearfix entry-grid entry-columns-3 entry-video-module-layout-gallery thumbnail-color-tone-dark is-youtube has-video entry-video entry-video-grid\" data-post-id=\"11081\" data-thumbnail-color-tone=\"dark\" >\n\t<div class=\"entry-box\">\n\t\t<div class=\"entry-outer\">\n\t\t\t<div class=\"entry-container\">\n\t\t\t\t<a href=\"https:\/\/youtu.be\/2xq3yxf0HvY\" class=\"entry-link-mask lightbox-video pause-players\" target=\"_blank\" rel=\"noopener\"><\/a>\n\t\t\t\t\n\t\t\t\t<div class=\"entry-image\" style=\"background-color:#A6918D;\">\n\t\t\t\t\t<img loading=\"lazy\" decoding=\"async\" class=\"resized-thumbnail\" src=\"https:\/\/cdn.kabiosile.org\/wp-content\/uploads\/2022\/05\/interview-w-alfredo-calvo-thumb-web-475x280.jpg\" width=\"475\" height=\"280\" alt=\"entrevista-w-alfredo-calvo-thumb-web\" title=\"entrevista-w-alfredo-calvo-thumb-web\" \/>\t\t\t\t<\/div><!-- .entry-image -->\n\n\t\t\t\t<div class=\"video-play-button\">\n\t\t\t\t\t<span class=\"fa fa-3x video-play-icon\"><\/span>\n\t\t\t\t<\/div><!-- .video-play-button -->\n\t\t\t\t<div class=\"video-summary\">\n\t\t\t\t\t<div class=\"video-summary-inner\">\n\t\t\t\t\t\t<h2 class=\"entry-title\">\n\t\t\t\t\t\t\tLa Santer\u00eda en Matanzas, Cuba: Una entrevista con Alfredo Calvo\t\t\t\t\t\t<\/h2>\n\n\t\t\t\t\t<\/div><!-- .video-summary-inner -->\n\t\t\t\t<\/div><!-- .video-summary -->\n\t\t\t<\/div><!-- .entry-container -->\n\t\t<\/div><!-- .entry-outer -->\n\t<\/div><!-- .entry-box -->\n\t<\/article>\n<article id=\"post-11085\" class=\"post-11085 video type-video status-publish has-post-thumbnail hentry video_type-esteban-chacha-vega entry-post-skin-dark entry clearfix entry-grid entry-columns-3 entry-video-module-layout-gallery thumbnail-color-tone-dark is-youtube has-video entry-video entry-video-grid\" data-post-id=\"11085\" data-thumbnail-color-tone=\"dark\" >\n\t<div class=\"entry-box\">\n\t\t<div class=\"entry-outer\">\n\t\t\t<div class=\"entry-container\">\n\t\t\t\t<a href=\"https:\/\/youtu.be\/GUCzmVHBM8A\" class=\"entry-link-mask lightbox-video pause-players\" target=\"_blank\" rel=\"noopener\"><\/a>\n\t\t\t\t\n\t\t\t\t<div class=\"entry-image\" style=\"background-color:#767471;\">\n\t\t\t\t\t<img loading=\"lazy\" decoding=\"async\" class=\"resized-thumbnail\" src=\"https:\/\/cdn.kabiosile.org\/wp-content\/uploads\/2021\/05\/in-memory-of-chacha-thumb-web-475x280.jpg\" width=\"475\" height=\"280\" alt=\"en-memoria-de-chacha-thumb-web\" title=\"en-memoria-de-chacha-thumb-web\" \/>\t\t\t\t<\/div><!-- .entry-image -->\n\n\t\t\t\t<div class=\"video-play-button\">\n\t\t\t\t\t<span class=\"fa fa-3x video-play-icon\"><\/span>\n\t\t\t\t<\/div><!-- .video-play-button -->\n\t\t\t\t<div class=\"video-summary\">\n\t\t\t\t\t<div class=\"video-summary-inner\">\n\t\t\t\t\t\t<h2 class=\"entry-title\">\n\t\t\t\t\t\t\tEn Memoria de Chach\u00e1\t\t\t\t\t\t<\/h2>\n\n\t\t\t\t\t<\/div><!-- .video-summary-inner -->\n\t\t\t\t<\/div><!-- .video-summary -->\n\t\t\t<\/div><!-- .entry-container -->\n\t\t<\/div><!-- .entry-outer -->\n\t<\/div><!-- .entry-box -->\n\t<\/article>\n<\/div><!--.items--><div class=\"wvc-button-container wvc-button-container-align-center wvc-element\"><a href=\"https:\/\/wlfthm.es\/herion\" data-text=\"More on YouTube\" target=\"_blank\" class=\"theme-button-special wvc-button wvc-button-size-sm wvc-button-icon-left\" style=\"font-weight:700;\" rel=\"noopener\"><small data-text=\"More on YouTube\" class=\"wvc-button-background-fill\" style=\"\"><\/small><i class='wvc-button-icon fa fa fa-youtube-play'><\/i><span>M\u00e1s en YouTube<\/span><\/a><\/div><\/div><!--.wvc-column-wrapper--><\/div><!--.wvc-column-inner--><\/div><!--.wvc-column-container--><\/div><!--.wvc-column--><\/div><!--.wvc-columns-container--><\/div><!--.wvc-row-content--><\/div><!--.wvc-row-wrapper--><\/div><!--.wvc-row-->","protected":false},"excerpt":{"rendered":"https:\/\/youtu.be\/GUCzmVHBM8A Esta es la \u00faltima entrevista que Chacha dio antes de su prematura muerte en julio de 2007, para su inclusi\u00f3n en &quot;El Lenguaje del Tambor&quot; de Kabiosile. En \u00e9l habla de su infancia en la Peque\u00f1a \u00c1frica, comenzando con Los Munequitos, y su encuentro con Fernando Ortiz.","protected":false},"author":1,"featured_media":11079,"parent":0,"menu_order":0,"comment_status":"closed","ping_status":"closed","template":"","meta":{"footnotes":""},"class_list":{"0":"post-10868","1":"page","2":"type-page","3":"status-publish","4":"has-post-thumbnail","5":"hentry","6":"entry-post-skin-dark","7":"entry","8":"clearfix","9":"entry-grid","10":"entry-columns-default","11":"entry-video-module-layout-standard","12":"thumbnail-color-tone-dark","13":"is-youtube","14":"has-video","15":"entry-video","17":"entry-video-grid"},"_links":{"self":[{"href":"https:\/\/kabiosile.org\/es\/wp-json\/wp\/v2\/pages\/10868","targetHints":{"allow":["GET"]}}],"collection":[{"href":"https:\/\/kabiosile.org\/es\/wp-json\/wp\/v2\/pages"}],"about":[{"href":"https:\/\/kabiosile.org\/es\/wp-json\/wp\/v2\/types\/page"}],"author":[{"embeddable":true,"href":"https:\/\/kabiosile.org\/es\/wp-json\/wp\/v2\/users\/1"}],"replies":[{"embeddable":true,"href":"https:\/\/kabiosile.org\/es\/wp-json\/wp\/v2\/comments?post=10868"}],"version-history":[{"count":1,"href":"https:\/\/kabiosile.org\/es\/wp-json\/wp\/v2\/pages\/10868\/revisions"}],"predecessor-version":[{"id":10871,"href":"https:\/\/kabiosile.org\/es\/wp-json\/wp\/v2\/pages\/10868\/revisions\/10871"}],"wp:featuredmedia":[{"embeddable":true,"href":"https:\/\/kabiosile.org\/es\/wp-json\/wp\/v2\/media\/11079"}],"wp:attachment":[{"href":"https:\/\/kabiosile.org\/es\/wp-json\/wp\/v2\/media?parent=10868"}],"curies":[{"name":"Gracias","href":"https:\/\/api.w.org\/{rel}","templated":true}]}}