{"id":14,"date":"2022-07-02T14:47:58","date_gmt":"2022-07-02T14:47:58","guid":{"rendered":"https:\/\/kabiosile.org\/?page_id=14"},"modified":"2022-07-26T10:09:45","modified_gmt":"2022-07-26T10:09:45","slug":"politica-de-devoluciones-y-reembolsos","status":"publish","type":"page","link":"https:\/\/kabiosile.org\/es\/politica-de-devoluciones-y-reembolsos\/","title":{"rendered":"Pol\u00edtica de devoluciones y reembolsos"},"content":{"rendered":"<div  data-font-color=\"dark\" class=\"wvc-clearfix  wvc-row wvc-parent-row wvc-row-width-wide wvc-row-layout-column wvc-video-bg-is-mute wvc-row-bg-effect-none wvc-row-bg-default wvc-font-dark wvc-border-color-none wvc-background-color-default wvc-row-content-placement-default wvc-row-columns-placement-default section\" style=\"\"><div class=\"wvc-row-wrapper wvc-row-wrapper-width-standard wvc-row-column-equal-height-\" style=\"\"><div class=\"wvc-row-content\"><div class=\"wvc-columns-container\" style=\"\"><div id=\"wvc-col-1777\" class=\"wvc-col-12 wvc-column wvc-column-content-placement-default wvc-column-content-type-default wvc-column-content-alignment-center wvc-column-text-alignment-default\" data-base-width-int=\"12\" style=\"\"><div class=\"wvc-column-container wvc-column-bg-default wvc-column-bg-effect-none wvc-font-inherit wvc-column-font-inherit wvc-column-style-none wvc-border-color-none wvc-background-color-default\" style=\"\"><div class=\"wvc-column-inner\"><div class=\"wvc-column-wrapper wpb_wrapper\" style=\"\"><div class=\"wvc-text-block wvc-clearfix wvc-element wvc-mobile-text-align-\" style=\"\"><div class=\"wbp_wrapper\"><h2>Pol\u00edtica de cancelaci\u00f3n\/reembolso para Kabiosile<\/h2>\n<p>Los productos digitales, como grabaciones de sonido o partituras digitales, no son reembolsables despu\u00e9s de la compra.<\/p>\n<p>Los art\u00edculos incorrectos se pueden cambiar por el art\u00edculo correcto. Por favor escr\u00edbanos a <a href=\"mailto:kabiosilemusic@gmail.com\">kabiosilemusic@gmail.com<\/a> para solicitar un cambio.<\/p>\n<p>Los art\u00edculos defectuosos se pueden cambiar por el mismo art\u00edculo. Por favor escr\u00edbanos a <a href=\"mailto:kabiosilemusic@gmail.com\">kabiosilemusic@gmail.com<\/a> para solicitar un cambio.<\/p>\n<p>Los art\u00edculos sin abrir se pueden devolver dentro de los 30 d\u00edas con la autorizaci\u00f3n previa de devoluci\u00f3n de Kabiosile. Por favor escr\u00edbanos a <a title=\"correo electr\u00f3nico a kabiosilemusic@gmail.com\" href=\"mailto:kabiosilemusic@gmail.com\">kabiosilemusic@gmail.com<\/a> solicitar un reembolso por cualquier producto f\u00edsico sin abrir.<\/p>\n<p>El monto del reembolso ser\u00e1 por el precio pagado por el art\u00edculo, sin incluir los gastos de env\u00edo y manipulaci\u00f3n incurridos en el momento del pedido, y lo procesaremos al recibir el art\u00edculo sin abrir y en buenas condiciones.<\/p>\n<p>Los reembolsos de productos cuya compra incluy\u00f3 una o m\u00e1s descargas digitales gratuitas se procesar\u00e1n por el precio del producto f\u00edsico menos el valor de la(s) descarga(s) digital(es).<\/p>\n<p>Los gastos de env\u00edo para devolver el art\u00edculo son responsabilidad del comprador.<\/p>\n<p>No se aceptar\u00e1n devoluciones despu\u00e9s del per\u00edodo de devoluci\u00f3n de 30 d\u00edas.<\/p>\n<\/div><!--.wbp_wrapper--><\/div><!--.wvc-text-block--><\/div><!--.wvc-column-wrapper--><\/div><!--.wvc-column-inner--><\/div><!--.wvc-column-container--><\/div><!--.wvc-column--><\/div><!--.wvc-columns-container--><\/div><!--.wvc-row-content--><\/div><!--.wvc-row-wrapper--><\/div><!--.wvc-row-->","protected":false},"excerpt":{"rendered":"Pol\u00edtica de cancelaci\u00f3n\/reembolso Para los productos Kabiosile Digital, como grabaciones de sonido o partituras digitales, no son reembolsables despu\u00e9s de la compra. Los art\u00edculos incorrectos se pueden cambiar por el art\u00edculo correcto. Escr\u00edbanos a kabiosilemusic@gmail.com para solicitar un intercambio. Los art\u00edculos defectuosos se pueden cambiar por el mismo art\u00edculo. Escr\u00edbanos a kabiosilemusic@gmail.com para solicitar...<p><a rel=\"bookmark\" class=\"theme-button-text wvc-button wvc-button-size-xs\" href=\"https:\/\/kabiosile.org\/es\/politica-de-devoluciones-y-reembolsos\/\"><small class=\"wvc-button-background-fill\"><\/small><span>sigue leyendo<\/span><\/a><\/p>","protected":false},"author":1,"featured_media":0,"parent":0,"menu_order":0,"comment_status":"closed","ping_status":"closed","template":"","meta":{"footnotes":""},"class_list":{"0":"post-14","1":"page","2":"type-page","3":"status-publish","4":"hentry","5":"entry","6":"clearfix","7":"entry-grid","8":"entry-columns-default","9":"entry-page-module-layout-standard","10":"no-post-thumbnail","11":"entry-page","13":"entry-page-grid"},"_links":{"self":[{"href":"https:\/\/kabiosile.org\/es\/wp-json\/wp\/v2\/pages\/14","targetHints":{"allow":["GET"]}}],"collection":[{"href":"https:\/\/kabiosile.org\/es\/wp-json\/wp\/v2\/pages"}],"about":[{"href":"https:\/\/kabiosile.org\/es\/wp-json\/wp\/v2\/types\/page"}],"author":[{"embeddable":true,"href":"https:\/\/kabiosile.org\/es\/wp-json\/wp\/v2\/users\/1"}],"replies":[{"embeddable":true,"href":"https:\/\/kabiosile.org\/es\/wp-json\/wp\/v2\/comments?post=14"}],"version-history":[{"count":4,"href":"https:\/\/kabiosile.org\/es\/wp-json\/wp\/v2\/pages\/14\/revisions"}],"predecessor-version":[{"id":11873,"href":"https:\/\/kabiosile.org\/es\/wp-json\/wp\/v2\/pages\/14\/revisions\/11873"}],"wp:attachment":[{"href":"https:\/\/kabiosile.org\/es\/wp-json\/wp\/v2\/media?parent=14"}],"curies":[{"name":"Gracias","href":"https:\/\/api.w.org\/{rel}","templated":true}]}}