{"id":6550,"date":"2022-07-07T11:36:43","date_gmt":"2022-07-07T11:36:43","guid":{"rendered":"https:\/\/stage.wolfthemes.live\/slikk\/?page_id=6550"},"modified":"2022-07-26T10:04:11","modified_gmt":"2022-07-26T10:04:11","slug":"terminos-y-condiciones","status":"publish","type":"page","link":"https:\/\/kabiosile.org\/es\/terminos-y-condiciones\/","title":{"rendered":"T\u00e9rminos y condiciones"},"content":{"rendered":"<div  data-font-color=\"dark\" class=\"wvc-clearfix  wvc-row wvc-parent-row wvc-row-width-wide wvc-row-layout-column wvc-video-bg-is-mute wvc-row-bg-effect-none wvc-row-bg-default wvc-font-dark wvc-border-color-none wvc-background-color-default wvc-row-content-placement-default wvc-row-columns-placement-default section\" style=\"\"><div class=\"wvc-row-wrapper wvc-row-wrapper-width-standard wvc-row-column-equal-height-\" style=\"\"><div class=\"wvc-row-content\"><div class=\"wvc-columns-container\" style=\"\"><div id=\"wvc-col-6158\" class=\"wvc-col-12 wvc-column wvc-column-content-placement-default wvc-column-content-type-default wvc-column-content-alignment-center wvc-column-text-alignment-default\" data-base-width-int=\"12\" style=\"\"><div class=\"wvc-column-container wvc-column-bg-default wvc-column-bg-effect-none wvc-font-inherit wvc-column-font-inherit wvc-column-style-none wvc-border-color-none wvc-background-color-default\" style=\"\"><div class=\"wvc-column-inner\"><div class=\"wvc-column-wrapper wpb_wrapper\" style=\"\"><div class=\"wvc-text-block wvc-clearfix wvc-element wvc-mobile-text-align-\" style=\"\"><div class=\"wbp_wrapper\"><h2>T\u00e9rminos y condiciones<\/h2>\n<h3>Acuerdo entre el Usuario y Kabiosile.org<\/h3>\n<p>Bienvenido a Kabiosile.org. El sitio web Kabiosile.org (el &quot;Sitio&quot;) se compone de varias p\u00e1ginas web operadas por Kabiosile (&quot;Kabiosile&quot;). Kabiosile.org se le ofrece condicionado a su aceptaci\u00f3n sin modificaciones de los t\u00e9rminos, condiciones y avisos contenidos en este documento (los \u201cT\u00e9rminos\u201d). Su uso de Kabiosile.org constituye su aceptaci\u00f3n de todos dichos T\u00e9rminos. Lea estos t\u00e9rminos detenidamente y conserve una copia para su referencia.<\/p>\n<p>Kabiosile.org es un sitio de comercio electr\u00f3nico.<\/p>\n<p>Kabiosile se dedica a compartir las tradiciones folcl\u00f3ricas afrocubanas de la religi\u00f3n santer\u00eda. Kabiosile.org ofrece CD, DVD de v\u00eddeo, descargas digitales y libros.<\/p>\n<h3>Privacidad<\/h3>\n<p>Su uso de Kabiosile.org est\u00e1 sujeto a <a href=\"\/es\/politica-de-privacidad\/\">Pol\u00edtica de privacidad de Kabiosile<\/a>. Revise nuestra Pol\u00edtica de privacidad, que tambi\u00e9n rige el Sitio e informa a los usuarios sobre nuestras pr\u00e1cticas de recopilaci\u00f3n de datos.<\/p>\n<h3>Comunicaciones Electr\u00f3nicas<\/h3>\n<p>Visitar Kabiosile.org o enviar correos electr\u00f3nicos a Kabiosile constituye comunicaciones electr\u00f3nicas. Usted acepta recibir comunicaciones electr\u00f3nicas y acepta que todos los acuerdos, avisos, divulgaciones y otras comunicaciones que le proporcionamos electr\u00f3nicamente, por correo electr\u00f3nico y en el Sitio, satisfacen cualquier requisito legal de que dichas comunicaciones se realicen por escrito.<\/p>\n<h3>Su cuenta<\/h3>\n<p>Si utiliza este sitio, es responsable de mantener la confidencialidad de su cuenta y contrase\u00f1a y de restringir el acceso a su computadora, y acepta la responsabilidad de todas las actividades que ocurran bajo su cuenta o contrase\u00f1a. No puede asignar ni transferir su cuenta a ninguna otra persona o entidad. Usted reconoce que Kabiosile no es responsable del acceso de terceros a su cuenta que resulte del robo o apropiaci\u00f3n indebida de su cuenta. Kabiosile y sus asociados se reservan el derecho de rechazar o cancelar el servicio, cancelar cuentas o eliminar o editar contenido a nuestro exclusivo criterio.<\/p>\n<h3>Ni\u00f1os menores de trece a\u00f1os<\/h3>\n<p>Kabiosile no recopila intencionadamente, ni en l\u00ednea ni fuera de l\u00ednea, informaci\u00f3n personal de personas menores de trece a\u00f1os. Si es menor de 18 a\u00f1os, puede utilizar Kabiosile.org s\u00f3lo con el permiso de un padre o tutor.<\/p>\n<h3>Pol\u00edtica de devoluciones y reembolsos<\/h3>\n<p>Los productos digitales, como grabaciones de sonido o partituras digitales, no son reembolsables despu\u00e9s de la compra.<\/p>\n<p>Los art\u00edculos incorrectos se pueden cambiar por el art\u00edculo correcto. Por favor escr\u00edbanos a <a href=\"mailto:kabiosilemusic@gmail.com\">kabiosilemusic@gmail.com<\/a> para solicitar un cambio.<\/p>\n<p>Los art\u00edculos defectuosos se pueden cambiar por el mismo art\u00edculo. Por favor escr\u00edbanos a <a href=\"mailto:kabiosilemusic@gmail.com\">kabiosilemusic@gmail.com<\/a> para solicitar un cambio.<\/p>\n<p>Los art\u00edculos sin abrir se pueden devolver dentro de los 30 d\u00edas con la autorizaci\u00f3n previa de devoluci\u00f3n de Kabiosile. Por favor escr\u00edbanos a <a href=\"mailto:kabiosilemusic@gmail.com\">kabiosilemusic@gmail.com<\/a> solicitar un reembolso por cualquier producto f\u00edsico sin abrir.<\/p>\n<p>El monto del reembolso ser\u00e1 por el precio pagado por el art\u00edculo, sin incluir los gastos de env\u00edo y manipulaci\u00f3n incurridos en el momento del pedido, y lo procesaremos al recibir el art\u00edculo sin abrir y en buenas condiciones.<\/p>\n<p>Los reembolsos de productos cuya compra incluy\u00f3 una o m\u00e1s descargas digitales gratuitas se procesar\u00e1n por el precio del producto f\u00edsico menos el valor de la(s) descarga(s) digital(es).<\/p>\n<p>Los gastos de env\u00edo para devolver el art\u00edculo son responsabilidad del comprador.<\/p>\n<p>No se aceptar\u00e1n devoluciones despu\u00e9s del per\u00edodo de devoluci\u00f3n de 30 d\u00edas.<\/p>\n<h3>Enlaces a sitios de terceros\/servicios de terceros<\/h3>\n<p>Kabiosile.org puede contener enlaces a otros sitios web (\u201cSitios vinculados\u201d). Los Sitios vinculados no est\u00e1n bajo el control de Kabiosile y Kabiosile no es responsable del contenido de ning\u00fan Sitio vinculado, incluido, entre otros, cualquier v\u00ednculo contenido en un Sitio vinculado, o cualquier cambio o actualizaci\u00f3n de un Sitio vinculado. Kabiosile proporciona estos v\u00ednculos s\u00f3lo para su conveniencia, y la inclusi\u00f3n de cualquier v\u00ednculo no implica aprobaci\u00f3n por parte de Kabiosile del sitio, ni asociaci\u00f3n con sus operadores.<\/p>\n<p>Ciertos servicios disponibles a trav\u00e9s de Kabiosile.org son proporcionados por sitios y organizaciones de terceros. Al utilizar cualquier producto, servicio o funcionalidad que se origine en el dominio Kabiosile.org, por la presente reconoce y acepta que Kabiosile pueda compartir dicha informaci\u00f3n y datos con cualquier tercero con quien Kabiosile tenga una relaci\u00f3n contractual para proporcionar el producto, servicio o funcionalidad solicitados en en nombre de los usuarios y clientes de Kabiosile.org.<\/p>\n<h3>Ning\u00fan uso\/propiedad intelectual ilegal o prohibida<\/h3>\n<p>Se le otorga una licencia no exclusiva, intransferible y revocable para acceder y utilizar Kabiosile.org estrictamente de acuerdo con estos t\u00e9rminos de uso. Como condici\u00f3n para su uso del Sitio, usted garantiza a Kabiosile que no utilizar\u00e1 el Sitio para ning\u00fan prop\u00f3sito que sea ilegal o est\u00e9 prohibido por estos T\u00e9rminos. No puede utilizar el Sitio de ninguna manera que pueda da\u00f1ar, deshabilitar, sobrecargar o perjudicar el Sitio o interferir con el uso y disfrute del Sitio por parte de terceros. No puede obtener ni intentar obtener ning\u00fan material o informaci\u00f3n a trav\u00e9s de ning\u00fan medio que no est\u00e9 disponible o proporcionado intencionalmente a trav\u00e9s del Sitio.<\/p>\n<p>Todo el contenido incluido como parte del Servicio, como texto, gr\u00e1ficos, logotipos, im\u00e1genes, as\u00ed como la compilaci\u00f3n de los mismos, y cualquier software utilizado en el Sitio, es propiedad de Kabiosile o sus proveedores y est\u00e1 protegido por derechos de autor y otras leyes que proteger la propiedad intelectual y los derechos de propiedad. Usted acepta observar y cumplir con todos los derechos de autor y otros avisos de propiedad, leyendas u otras restricciones contenidas en dicho contenido y no realizar\u00e1 ning\u00fan cambio al mismo.<\/p>\n<p>No modificar\u00e1, publicar\u00e1, transmitir\u00e1, realizar\u00e1 ingenier\u00eda inversa, participar\u00e1 en la transferencia o venta, crear\u00e1 trabajos derivados ni explotar\u00e1 de ninguna manera el contenido, total o parcial, que se encuentra en el Sitio. El contenido de Kabiosile no est\u00e1 para la reventa. Su uso del Sitio no le da derecho a hacer ning\u00fan uso no autorizado de ning\u00fan contenido protegido y, en particular, no eliminar\u00e1 ni alterar\u00e1 ning\u00fan derecho de propiedad ni avisos de atribuci\u00f3n en ning\u00fan contenido. Utilizar\u00e1 contenido protegido \u00fanicamente para su uso personal y no har\u00e1 ning\u00fan otro uso del contenido sin el permiso expreso por escrito de Kabiosile y el propietario de los derechos de autor. Usted acepta que no adquiere ning\u00fan derecho de propiedad sobre ning\u00fan contenido protegido. No le otorgamos ninguna licencia, expresa o impl\u00edcita, sobre la propiedad intelectual de Kabiosile o nuestros licenciantes, excepto que lo autoricen expresamente estos T\u00e9rminos.<\/p>\n<h3>Cuentas de terceros<\/h3>\n<p>Podr\u00e1 conectar su cuenta Kabiosile a cuentas de terceros. Al conectar su cuenta de Kabiosile a su cuenta de terceros, usted reconoce y acepta que acepta la divulgaci\u00f3n continua de informaci\u00f3n sobre usted a otros (de acuerdo con su configuraci\u00f3n de privacidad en esos sitios de terceros). Si no desea que se comparta informaci\u00f3n sobre usted de esta manera, no utilice esta funci\u00f3n.<\/p>\n<h3>Usuarios internacionales<\/h3>\n<p>Kabiosile controla, opera y administra el Servicio desde nuestras oficinas en los EE. UU. Si accede al Servicio desde una ubicaci\u00f3n fuera de EE. UU., usted es responsable de cumplir con todas las leyes locales. Usted acepta que no utilizar\u00e1 el Contenido de Kabiosile al que se accede a trav\u00e9s de Kabiosile.org en ning\u00fan pa\u00eds o de ninguna manera prohibida por las leyes, restricciones o regulaciones aplicables.<\/p>\n<h3>Indemnizaci\u00f3n<\/h3>\n<p>Usted acepta indemnizar, defender y eximir de responsabilidad a Kabiosile, sus funcionarios, directores, empleados, agentes y terceros, por cualquier p\u00e9rdida, costo, responsabilidad y gasto (incluidos los honorarios razonables de abogados) relacionados con o que surjan de su uso o incapacidad para utilizar el Sitio o los servicios, cualquier publicaci\u00f3n de usuario realizada por usted, su violaci\u00f3n de cualquiera de los t\u00e9rminos de este Acuerdo o su violaci\u00f3n de cualquier derecho de un tercero, o su violaci\u00f3n de cualquier ley, norma o reglamento aplicable. Kabiosile se reserva el derecho, a su propio costo, de asumir la defensa y el control exclusivos de cualquier asunto sujeto a indemnizaci\u00f3n por su parte, en cuyo caso cooperar\u00e1 plenamente con Kabiosile para hacer valer cualquier defensa disponible.<\/p>\n<h3>Arbitraje<\/h3>\n<p>En caso de que las partes no puedan resolver cualquier disputa entre ellas que surja de o en relaci\u00f3n con estos T\u00e9rminos y condiciones, o cualquiera de sus disposiciones, ya sea por contrato, agravio o de otro modo por ley o equidad por da\u00f1os o cualquier otra compensaci\u00f3n, entonces dicha disputa se resolver\u00e1 \u00fanicamente mediante arbitraje final y vinculante de conformidad con la Ley Federal de Arbitraje, realizado por un \u00fanico \u00e1rbitro neutral y administrado por la Asociaci\u00f3n Estadounidense de Arbitraje, o un servicio de arbitraje similar seleccionado por las partes, en una ubicaci\u00f3n mutuamente acordada por las partes. fiestas. El laudo del \u00e1rbitro ser\u00e1 definitivo y podr\u00e1 dictarse sentencia sobre el mismo en cualquier tribunal que tenga jurisdicci\u00f3n. En el caso de que cualquier acci\u00f3n, procedimiento o arbitraje legal o equitativo surja de estos T\u00e9rminos y condiciones o se relacione con ellos, la parte que prevalezca tendr\u00e1 derecho a recuperar sus costos y honorarios razonables de abogados. Las partes acuerdan arbitrar todas las disputas y reclamos con respecto a estos T\u00e9rminos y condiciones o cualquier disputa que surja como resultado de estos T\u00e9rminos y condiciones, ya sea directa o indirectamente, incluidas las reclamaciones por agravios que sean resultado de estos T\u00e9rminos y condiciones. Las partes acuerdan que la Ley Federal de Arbitraje rige la interpretaci\u00f3n y aplicaci\u00f3n de esta disposici\u00f3n. El \u00c1rbitro determinar\u00e1 toda la disputa, incluido el alcance y la aplicabilidad de esta disposici\u00f3n de arbitraje. Esta disposici\u00f3n de arbitraje sobrevivir\u00e1 a la terminaci\u00f3n de estos T\u00e9rminos y condiciones.<\/p>\n<h3>Renuncia a demanda colectiva<\/h3>\n<p>Cualquier arbitraje bajo estos T\u00e9rminos y Condiciones se llevar\u00e1 a cabo de forma individual; No se permiten arbitrajes colectivos ni acciones colectivas\/representativas\/colectivas. LAS PARTES ACUERDAN QUE UNA PARTE PUEDE PRESENTAR RECLAMACIONES CONTRA LA OTRA S\u00d3LO EN CAPACIDAD INDIVIDUAL DE CADA UNA, Y NO COMO DEMANDANTE O MIEMBRO DE LA CLASE EN CUALQUIER PROCEDIMIENTO PUTATIVO DE CLASE, COLECTIVO Y\/O REPRESENTATIVO, COMO EN LA FORMA DE UNA ACCI\u00d3N GENERAL DE ABOGADO PRIVADO CONTRA EL OTRO. Adem\u00e1s, a menos que usted y Kabiosile acuerden lo contrario, el \u00e1rbitro no podr\u00e1 consolidar los reclamos de m\u00e1s de una persona y no podr\u00e1 presidir ninguna forma de procedimiento representativo o colectivo.<\/p>\n<h3>Descargo de responsabilidad<\/h3>\n<p>LA INFORMACI\u00d3N, EL SOFTWARE, LOS PRODUCTOS Y LOS SERVICIOS INCLUIDOS O DISPONIBLES A TRAV\u00c9S DEL SITIO PUEDEN INCLUIR IMPRECISIONES O ERRORES TIPOGR\u00c1FICOS. SE AGREGAN CAMBIOS PERI\u00d3DICAMENTE A LA INFORMACI\u00d3N CONTENIDA EN ESTE DOCUMENTO. KABIOSILE Y\/O SUS PROVEEDORES PUEDEN REALIZAR MEJORAS Y\/O CAMBIOS EN EL SITIO EN CUALQUIER MOMENTO.<\/p>\n<p>KABIOSILE Y\/O SUS PROVEEDORES NO HACEN DECLARACIONES SOBRE LA IDONEIDAD, CONFIABILIDAD, DISPONIBILIDAD, ACTUALIDAD Y EXACTITUD DE LA INFORMACI\u00d3N, SOFTWARE, PRODUCTOS, SERVICIOS Y GR\u00c1FICOS RELACIONADOS CONTENIDOS EN EL SITIO PARA CUALQUIER PROP\u00d3SITO. EN LA MEDIDA M\u00c1XIMA PERMITIDA POR LA LEY APLICABLE, TODA LA INFORMACI\u00d3N, SOFTWARE, PRODUCTOS, SERVICIOS Y GR\u00c1FICOS RELACIONADOS SE PROPORCIONAN \u201cTAL CUAL\u201d SIN GARANT\u00cdA NI CONDICI\u00d3N DE NING\u00daN TIPO. KABIOSILE Y\/O SUS PROVEEDORES POR LA PRESENTE RENUNCIA A TODAS LAS GARANT\u00cdAS Y CONDICIONES CON RESPECTO A ESTA INFORMACI\u00d3N, SOFTWARE, PRODUCTOS, SERVICIOS Y GR\u00c1FICOS RELACIONADOS, INCLUYENDO TODAS LAS GARANT\u00cdAS O CONDICIONES IMPL\u00cdCITAS DE COMERCIABILIDAD, IDONEIDAD PARA UN PROP\u00d3SITO PARTICULAR, T\u00cdTULO Y NO INFRACCI\u00d3N.<\/p>\n<p>EN LA MEDIDA M\u00c1XIMA PERMITIDA POR LA LEY APLICABLE, EN NING\u00daN CASO KABIOSILE Y\/O SUS PROVEEDORES SER\u00c1N RESPONSABLES DE NING\u00daN DA\u00d1O DIRECTO, INDIRECTO, PUNITIVO, INCIDENTAL, ESPECIAL, CONSECUENTE O CUALQUIER DA\u00d1O, INCLUYENDO, SIN LIMITACI\u00d3N, DA\u00d1OS POR P\u00c9RDIDA DE USO, DATOS O GANANCIAS, QUE SURJAN DE O DE ALGUNA MANERA RELACIONADOS CON EL USO O RENDIMIENTO DEL SITIO, CON EL RETRASO O INCAPACIDAD DE UTILIZAR EL SITIO O LOS SERVICIOS RELACIONADOS, LA PRESTACI\u00d3N O LA FALTA DE PROPORCI\u00d3N DE SERVICIOS, O PARA CUALQUIER INFORMACI\u00d3N, SOFTWARE, PRODUCTOS, SERVICIOS Y GR\u00c1FICOS RELACIONADOS OBTENIDOS A TRAV\u00c9S DEL SITIO, O QUE SURJAN DEL USO DEL SITIO, YA SEA BASADO EN CONTRATO, AGRAVIO, NEGLIGENCIA, RESPONSABILIDAD ESTRICTA O DE OTRA MANERA, INCLUSO SI KABIOSILE O CUALQUIERA DE SUS PROVEEDORES HA SIDO INFORMADO DE LA POSIBILIDAD DE DA\u00d1OS. DEBIDO A QUE ALGUNOS ESTADOS\/JURISDICCIONES NO PERMITEN LA EXCLUSI\u00d3N O LIMITACI\u00d3N DE RESPONSABILIDAD POR DA\u00d1OS CONSECUENTES O INCIDENTALES, LA LIMITACI\u00d3N ANTERIOR PUEDE NO APLICARSE EN SU CASO. SI NO EST\u00c1 SATISFECHO CON ALGUNA PARTE DEL SITIO O CON ALGUNO DE ESTOS T\u00c9RMINOS DE USO, SU \u00daNICO Y EXCLUSIVO RECURSO ES DEJAR DE UTILIZAR EL SITIO.<\/p>\n<h3>Terminaci\u00f3n\/restricci\u00f3n de acceso<\/h3>\n<p>Kabiosile se reserva el derecho, a su entera discreci\u00f3n, de cancelar su acceso al Sitio y los servicios relacionados o cualquier parte de los mismos en cualquier momento, sin previo aviso. En la medida m\u00e1xima permitida por la ley, este acuerdo se rige por las leyes del Estado de Carolina del Norte y por la presente usted acepta la jurisdicci\u00f3n y competencia exclusivas de los tribunales de Carolina del Norte en todas las disputas que surjan o est\u00e9n relacionadas con el uso del Sitio. . El uso del Sitio no est\u00e1 autorizado en ninguna jurisdicci\u00f3n que no d\u00e9 efecto a todas las disposiciones de estos T\u00e9rminos, incluida, entre otras, esta secci\u00f3n.<\/p>\n<p>Usted acepta que no existe ninguna relaci\u00f3n de empresa conjunta, sociedad, empleo o agencia entre usted y Kabiosile como resultado de este acuerdo o el uso del Sitio. El cumplimiento de este acuerdo por parte de Kabiosile est\u00e1 sujeto a las leyes y procesos legales existentes, y nada de lo contenido en este acuerdo constituye una derogaci\u00f3n del derecho de Kabiosile a cumplir con las solicitudes o requisitos gubernamentales, judiciales y policiales relacionados con su uso del Sitio o la informaci\u00f3n proporcionada a o recopilada por Kabiosile con respecto a dicho uso. Si se determina que alguna parte de este acuerdo es inv\u00e1lida o inaplicable de conformidad con la ley aplicable, incluidas, entre otras, las renuncias de garant\u00eda y las limitaciones de responsabilidad establecidas anteriormente, entonces la disposici\u00f3n inv\u00e1lida o inaplicable se considerar\u00e1 reemplazada por una disposici\u00f3n v\u00e1lida y ejecutable. que m\u00e1s se acerque a la intenci\u00f3n de la disposici\u00f3n original y el resto del acuerdo continuar\u00e1 en vigor.<\/p>\n<p>A menos que se especifique lo contrario en este documento, este acuerdo constituye el acuerdo completo entre el usuario y Kabiosile con respecto al Sitio y reemplaza todas las comunicaciones y propuestas anteriores o contempor\u00e1neas, ya sean electr\u00f3nicas, orales o escritas, entre el usuario y Kabiosile con respecto al Sitio. Una versi\u00f3n impresa de este acuerdo y de cualquier notificaci\u00f3n dada en formato electr\u00f3nico ser\u00e1 admisible en procedimientos judiciales o administrativos basados en o relacionados con este acuerdo en la misma medida y sujeto a las mismas condiciones que otros documentos y registros comerciales originalmente generados y mantenidos en formulario impreso. Es el deseo expreso de las partes que este acuerdo y todos los documentos relacionados est\u00e9n escritos en ingl\u00e9s.<\/p>\n<h3>Cambios a los t\u00e9rminos<\/h3>\n<p>Kabiosile se reserva el derecho, a su exclusivo criterio, de cambiar los T\u00e9rminos bajo los cuales se ofrece Kabiosile.org. La versi\u00f3n m\u00e1s actual de los T\u00e9rminos reemplazar\u00e1 a todas las versiones anteriores. Kabiosile lo alienta a revisar peri\u00f3dicamente los T\u00e9rminos para mantenerse informado de nuestras actualizaciones.<\/p>\n<h3>Cont\u00e1ctenos<\/h3>\n<p>Kabiosile agradece sus preguntas o comentarios sobre los T\u00e9rminos:<\/p>\n<address>Kabiosil<br \/>\n218 Bucle de punto antiguo<br \/>\nHampton, Carolina del Norte 28443<\/address>\n<p>Direcci\u00f3n de correo electr\u00f3nico:<br \/>\n<a href=\"mailto:kabiosilemusic@gmail.com\">kabiosilemusic@gmail.com<\/a><\/p>\n<p>N\u00famero de tel\u00e9fono:<br \/>\n+1 910-663-1323<\/p>\n<p>En vigor a partir del 16 de julio de 2022<\/p>\n<\/div><!--.wbp_wrapper--><\/div><!--.wvc-text-block--><\/div><!--.wvc-column-wrapper--><\/div><!--.wvc-column-inner--><\/div><!--.wvc-column-container--><\/div><!--.wvc-column--><\/div><!--.wvc-columns-container--><\/div><!--.wvc-row-content--><\/div><!--.wvc-row-wrapper--><\/div><!--.wvc-row-->","protected":false},"excerpt":{"rendered":"Acuerdo de t\u00e9rminos y condiciones entre el usuario y Kabiosile.org Bienvenido a Kabiosile.org. El sitio web Kabiosile.org (el &quot;Sitio&quot;) se compone de varias p\u00e1ginas web operadas por Kabiosile (&quot;Kabiosile&quot;). Kabiosile.org se le ofrece condicionado a su aceptaci\u00f3n sin modificaciones de los t\u00e9rminos, condiciones y avisos contenidos en este documento (los &quot;T\u00e9rminos&quot;). Su uso de Kabiosile.org constituye su aceptaci\u00f3n de...<p><a rel=\"bookmark\" class=\"theme-button-text wvc-button wvc-button-size-xs\" href=\"https:\/\/kabiosile.org\/es\/terminos-y-condiciones\/\"><small class=\"wvc-button-background-fill\"><\/small><span>sigue leyendo<\/span><\/a><\/p>","protected":false},"author":1,"featured_media":0,"parent":0,"menu_order":0,"comment_status":"closed","ping_status":"closed","template":"","meta":{"footnotes":""},"class_list":{"0":"post-6550","1":"page","2":"type-page","3":"status-publish","4":"hentry","5":"entry","6":"clearfix","7":"entry-grid","8":"entry-columns-default","9":"entry-page-module-layout-standard","10":"no-post-thumbnail","11":"entry-page","13":"entry-page-grid"},"_links":{"self":[{"href":"https:\/\/kabiosile.org\/es\/wp-json\/wp\/v2\/pages\/6550","targetHints":{"allow":["GET"]}}],"collection":[{"href":"https:\/\/kabiosile.org\/es\/wp-json\/wp\/v2\/pages"}],"about":[{"href":"https:\/\/kabiosile.org\/es\/wp-json\/wp\/v2\/types\/page"}],"author":[{"embeddable":true,"href":"https:\/\/kabiosile.org\/es\/wp-json\/wp\/v2\/users\/1"}],"replies":[{"embeddable":true,"href":"https:\/\/kabiosile.org\/es\/wp-json\/wp\/v2\/comments?post=6550"}],"version-history":[{"count":4,"href":"https:\/\/kabiosile.org\/es\/wp-json\/wp\/v2\/pages\/6550\/revisions"}],"predecessor-version":[{"id":11870,"href":"https:\/\/kabiosile.org\/es\/wp-json\/wp\/v2\/pages\/6550\/revisions\/11870"}],"wp:attachment":[{"href":"https:\/\/kabiosile.org\/es\/wp-json\/wp\/v2\/media?parent=6550"}],"curies":[{"name":"Gracias","href":"https:\/\/api.w.org\/{rel}","templated":true}]}}