{"id":11544,"date":"2019-10-26T05:56:49","date_gmt":"2019-10-26T05:56:49","guid":{"rendered":"https:\/\/kabiosile.org\/?post_type=product&#038;p=11544"},"modified":"2022-08-02T12:44:37","modified_gmt":"2022-08-02T12:44:37","slug":"bata-y-bembe-de-matanzas-descarga-digital","status":"publish","type":"product","link":"https:\/\/kabiosile.org\/es\/comercio\/bata-y-bembe-de-matanzas-descarga-digital\/","title":{"rendered":"Descarga Digital Bata y Bembe de Matanzas"},"content":{"rendered":"<p>La descarga digital Bata y Bembe de Matanzas incluye un ciclo completo de canciones de alabanza de la santer\u00eda Lucumi a los Orishas, tocadas con los tambores sagrados bata y cantadas por el fallecido Alfredo Calvo, ibae.<br \/>\nBata y Bembe de Matanzas Digital Download se estructura en torno a la presentaci\u00f3n al estilo matancero de un sacerdote reci\u00e9n iniciado (iyawo) de Chang\u00f3 ante los tambores sagrados (A\u00f1a) y la comunidad.<\/p>","protected":false},"excerpt":{"rendered":"<p>La descarga digital Bata y Bembe de Matanzas incluye un ciclo completo de canciones de alabanza de la santer\u00eda Lucumi a los Orishas, tocadas con los tambores sagrados bata y cantadas por el fallecido Alfredo Calvo, ibae.<br \/>\nBata y Bembe de Matanzas Digital Download se estructura en torno a la presentaci\u00f3n al estilo matancero de un sacerdote reci\u00e9n iniciado (iyawo) de Chang\u00f3 ante los tambores sagrados (A\u00f1a) y la comunidad.<\/p>","protected":false},"featured_media":11885,"template":"","meta":[],"product_brand":[],"product_cat":[101],"product_tag":[130,136,129],"class_list":{"0":"post-11544","1":"product","2":"type-product","3":"status-publish","4":"has-post-thumbnail","6":"product_cat-digital","7":"product_tag-alfredo-calvo","8":"product_tag-digital-download","9":"product_tag-music","10":"entry-post-skin-light","11":"entry","12":"clearfix","13":"entry-grid","14":"entry-columns-2","15":"entry-product-module-layout-sidebar-right","16":"thumbnail-color-tone-dark","17":"entry-product","19":"entry-product-grid","21":"first","22":"instock","23":"downloadable","24":"virtual","25":"taxable","26":"purchasable","27":"product-type-simple"},"_links":{"self":[{"href":"https:\/\/kabiosile.org\/es\/wp-json\/wp\/v2\/product\/11544","targetHints":{"allow":["GET"]}}],"collection":[{"href":"https:\/\/kabiosile.org\/es\/wp-json\/wp\/v2\/product"}],"about":[{"href":"https:\/\/kabiosile.org\/es\/wp-json\/wp\/v2\/types\/product"}],"wp:featuredmedia":[{"embeddable":true,"href":"https:\/\/kabiosile.org\/es\/wp-json\/wp\/v2\/media\/11885"}],"wp:attachment":[{"href":"https:\/\/kabiosile.org\/es\/wp-json\/wp\/v2\/media?parent=11544"}],"wp:term":[{"taxonomy":"product_brand","embeddable":true,"href":"https:\/\/kabiosile.org\/es\/wp-json\/wp\/v2\/product_brand?post=11544"},{"taxonomy":"product_cat","embeddable":true,"href":"https:\/\/kabiosile.org\/es\/wp-json\/wp\/v2\/product_cat?post=11544"},{"taxonomy":"product_tag","embeddable":true,"href":"https:\/\/kabiosile.org\/es\/wp-json\/wp\/v2\/product_tag?post=11544"}],"curies":[{"name":"Gracias","href":"https:\/\/api.w.org\/{rel}","templated":true}]}}