{"id":11795,"date":"2019-10-28T05:15:23","date_gmt":"2019-10-28T05:15:23","guid":{"rendered":"https:\/\/kabiosile.org\/?post_type=product&#038;p=11795"},"modified":"2025-08-24T00:17:15","modified_gmt":"2025-08-24T00:17:15","slug":"el-lenguaje-del-tambor-video-descarga-digital-2","status":"publish","type":"product","link":"https:\/\/kabiosile.org\/es\/comercio\/el-lenguaje-del-tambor-video-descarga-digital-2\/","title":{"rendered":"El Lenguaje del Tambor Video Descarga Digital"},"content":{"rendered":"<p>Esta completa descarga digital de videos de El Lenguaje del Tambor ofrece 5 horas de demostraciones de bater\u00eda, tutoriales y entrevistas en espa\u00f1ol con subt\u00edtulos en ingl\u00e9s.<\/p>","protected":false},"excerpt":{"rendered":"<p>Esta completa descarga digital de videos de El Lenguaje del Tambor ofrece 5 horas de demostraciones de bater\u00eda, tutoriales y entrevistas en espa\u00f1ol con subt\u00edtulos en ingl\u00e9s.<\/p>","protected":false},"featured_media":11882,"template":"","meta":[],"product_brand":[],"product_cat":[101],"product_tag":[132,129,138],"class_list":{"0":"post-11795","1":"product","2":"type-product","3":"status-publish","4":"has-post-thumbnail","6":"product_cat-digital","7":"product_tag-daniel-alfonso","8":"product_tag-music","9":"product_tag-video","10":"entry-post-skin-light","11":"entry","12":"clearfix","13":"entry-grid","14":"entry-columns-2","15":"entry-product-module-layout-sidebar-right","16":"thumbnail-color-tone-dark","17":"entry-product","19":"entry-product-grid","21":"first","22":"instock","23":"downloadable","24":"virtual","25":"taxable","26":"purchasable","27":"product-type-simple"},"_links":{"self":[{"href":"https:\/\/kabiosile.org\/es\/wp-json\/wp\/v2\/product\/11795","targetHints":{"allow":["GET"]}}],"collection":[{"href":"https:\/\/kabiosile.org\/es\/wp-json\/wp\/v2\/product"}],"about":[{"href":"https:\/\/kabiosile.org\/es\/wp-json\/wp\/v2\/types\/product"}],"wp:featuredmedia":[{"embeddable":true,"href":"https:\/\/kabiosile.org\/es\/wp-json\/wp\/v2\/media\/11882"}],"wp:attachment":[{"href":"https:\/\/kabiosile.org\/es\/wp-json\/wp\/v2\/media?parent=11795"}],"wp:term":[{"taxonomy":"product_brand","embeddable":true,"href":"https:\/\/kabiosile.org\/es\/wp-json\/wp\/v2\/product_brand?post=11795"},{"taxonomy":"product_cat","embeddable":true,"href":"https:\/\/kabiosile.org\/es\/wp-json\/wp\/v2\/product_cat?post=11795"},{"taxonomy":"product_tag","embeddable":true,"href":"https:\/\/kabiosile.org\/es\/wp-json\/wp\/v2\/product_tag?post=11795"}],"curies":[{"name":"Gracias","href":"https:\/\/api.w.org\/{rel}","templated":true}]}}