{"id":8897,"date":"2019-10-11T18:03:43","date_gmt":"2019-10-11T18:03:43","guid":{"rendered":"https:\/\/stage.wolfthemes.live\/herion\/?post_type=product&#038;p=8897"},"modified":"2022-07-22T03:44:47","modified_gmt":"2022-07-22T03:44:47","slug":"la-fuerza-del-tambor-dvd-2","status":"publish","type":"product","link":"https:\/\/kabiosile.org\/es\/comercio\/la-fuerza-del-tambor-dvd-2\/","title":{"rendered":"DVD La Fuerza del Tambor"},"content":{"rendered":"<p>DVD La Fuerza del Tambor. Esta grabaci\u00f3n de campo documenta la m\u00fasica ritual de la tradici\u00f3n espiritual Lucumi Santer\u00eda tal como se toca en Matanzas, Cuba. Nueve selecciones de tres celebraciones p\u00fablicas diferentes de tambores ilustran ritmos de tambores, canciones y bailes para los Orisha, incluidas im\u00e1genes raras de los tambores Bembe Macagua y un segmento inusual de canciones de Palo acompa\u00f1adas por A\u00f1a.<\/p>","protected":false},"excerpt":{"rendered":"<p>DVD La Fuerza del Tambor. Esta grabaci\u00f3n de campo documenta la m\u00fasica ritual de la tradici\u00f3n espiritual Lucumi Santer\u00eda tal como se toca en Matanzas, Cuba. Nueve selecciones de tres celebraciones p\u00fablicas diferentes de tambores ilustran ritmos de tambores, canciones y bailes para los Orisha, incluidas im\u00e1genes raras de los tambores Bembe Macagua y un segmento inusual de canciones de Palo acompa\u00f1adas por A\u00f1a.<\/p>","protected":false},"featured_media":11038,"template":"","meta":[],"product_brand":[],"product_cat":[97],"product_tag":[130,128,129],"class_list":{"0":"post-8897","1":"product","2":"type-product","3":"status-publish","4":"has-post-thumbnail","6":"product_cat-dvd","7":"product_tag-alfredo-calvo","8":"product_tag-dvd","9":"product_tag-music","10":"entry-post-skin-light","11":"entry","12":"clearfix","13":"entry-grid","14":"entry-columns-2","15":"entry-product-module-layout-sidebar-right","16":"thumbnail-color-tone-dark","17":"entry-product","19":"entry-product-grid","21":"first","22":"instock","23":"taxable","24":"shipping-taxable","25":"purchasable","26":"product-type-simple"},"_links":{"self":[{"href":"https:\/\/kabiosile.org\/es\/wp-json\/wp\/v2\/product\/8897","targetHints":{"allow":["GET"]}}],"collection":[{"href":"https:\/\/kabiosile.org\/es\/wp-json\/wp\/v2\/product"}],"about":[{"href":"https:\/\/kabiosile.org\/es\/wp-json\/wp\/v2\/types\/product"}],"wp:featuredmedia":[{"embeddable":true,"href":"https:\/\/kabiosile.org\/es\/wp-json\/wp\/v2\/media\/11038"}],"wp:attachment":[{"href":"https:\/\/kabiosile.org\/es\/wp-json\/wp\/v2\/media?parent=8897"}],"wp:term":[{"taxonomy":"product_brand","embeddable":true,"href":"https:\/\/kabiosile.org\/es\/wp-json\/wp\/v2\/product_brand?post=8897"},{"taxonomy":"product_cat","embeddable":true,"href":"https:\/\/kabiosile.org\/es\/wp-json\/wp\/v2\/product_cat?post=8897"},{"taxonomy":"product_tag","embeddable":true,"href":"https:\/\/kabiosile.org\/es\/wp-json\/wp\/v2\/product_tag?post=8897"}],"curies":[{"name":"Gracias","href":"https:\/\/api.w.org\/{rel}","templated":true}]}}