{"id":9526,"date":"2019-10-10T10:18:45","date_gmt":"2019-10-10T10:18:45","guid":{"rendered":"https:\/\/stage.wolfthemes.live\/herion\/?post_type=product&#038;p=9526"},"modified":"2022-07-22T03:44:31","modified_gmt":"2022-07-22T03:44:31","slug":"bata-y-bembe-de-matanzas-cd","status":"publish","type":"product","link":"https:\/\/kabiosile.org\/es\/comercio\/bata-y-bembe-de-matanzas-cd\/","title":{"rendered":"CD Bata y Bembe de Matanzas"},"content":{"rendered":"<p>Este CD Bata y Bembe de Matanzas incluye un ciclo completo de canciones de alabanza de la Santer\u00eda Lucumi a los Orishas, tocadas con los tambores bata sagrados y cantadas por el fallecido Alfredo Calvo, ibae.<br \/>\nEl CD est\u00e1 estructurado en torno a la presentaci\u00f3n al estilo matancero de un sacerdote reci\u00e9n iniciado (iyawo) de Chang\u00f3 ante los tambores sagrados (A\u00f1a) y la comunidad.<\/p>","protected":false},"excerpt":{"rendered":"<p>Este CD Bata y Bembe de Matanzas incluye un ciclo completo de canciones de alabanza de la Santer\u00eda Lucumi a los Orishas, tocadas con los tambores bata sagrados y cantadas por el fallecido Alfredo Calvo, ibae.<br \/>\nEl CD est\u00e1 estructurado en torno a la presentaci\u00f3n al estilo matancero de un sacerdote reci\u00e9n iniciado (iyawo) de Chang\u00f3 ante los tambores sagrados (A\u00f1a) y la comunidad.<\/p>","protected":false},"featured_media":11018,"template":"","meta":[],"product_brand":[],"product_cat":[100],"product_tag":[130,131,129],"class_list":{"0":"post-9526","1":"product","2":"type-product","3":"status-publish","4":"has-post-thumbnail","6":"product_cat-cd","7":"product_tag-alfredo-calvo","8":"product_tag-cd","9":"product_tag-music","10":"entry-post-skin-light","11":"entry","12":"clearfix","13":"entry-grid","14":"entry-columns-2","15":"entry-product-module-layout-sidebar-right","16":"thumbnail-color-tone-dark","17":"entry-product","19":"entry-product-grid","21":"first","22":"instock","23":"taxable","24":"shipping-taxable","25":"purchasable","26":"product-type-simple"},"_links":{"self":[{"href":"https:\/\/kabiosile.org\/es\/wp-json\/wp\/v2\/product\/9526","targetHints":{"allow":["GET"]}}],"collection":[{"href":"https:\/\/kabiosile.org\/es\/wp-json\/wp\/v2\/product"}],"about":[{"href":"https:\/\/kabiosile.org\/es\/wp-json\/wp\/v2\/types\/product"}],"wp:featuredmedia":[{"embeddable":true,"href":"https:\/\/kabiosile.org\/es\/wp-json\/wp\/v2\/media\/11018"}],"wp:attachment":[{"href":"https:\/\/kabiosile.org\/es\/wp-json\/wp\/v2\/media?parent=9526"}],"wp:term":[{"taxonomy":"product_brand","embeddable":true,"href":"https:\/\/kabiosile.org\/es\/wp-json\/wp\/v2\/product_brand?post=9526"},{"taxonomy":"product_cat","embeddable":true,"href":"https:\/\/kabiosile.org\/es\/wp-json\/wp\/v2\/product_cat?post=9526"},{"taxonomy":"product_tag","embeddable":true,"href":"https:\/\/kabiosile.org\/es\/wp-json\/wp\/v2\/product_tag?post=9526"}],"curies":[{"name":"Gracias","href":"https:\/\/api.w.org\/{rel}","templated":true}]}}