{"id":9699,"date":"2019-10-13T01:17:44","date_gmt":"2019-10-13T01:17:44","guid":{"rendered":"https:\/\/stage.wolfthemes.live\/herion\/?post_type=product&#038;p=9699"},"modified":"2022-07-22T03:45:45","modified_gmt":"2022-07-22T03:45:45","slug":"el-lenguaje-del-tambor-dvds","status":"publish","type":"product","link":"https:\/\/kabiosile.org\/es\/comercio\/el-lenguaje-del-tambor-dvds\/","title":{"rendered":"DVD de El Lenguaje del Tambor"},"content":{"rendered":"<p>Este completo paquete de DVD de 2 discos de El Lenguaje del Tambor ofrece 5 horas de demostraciones de bater\u00eda, tutoriales y entrevistas en espa\u00f1ol con subt\u00edtulos en ingl\u00e9s.<\/p>","protected":false},"excerpt":{"rendered":"<p>Este completo paquete de DVD de 2 discos de El Lenguaje del Tambor ofrece 5 horas de demostraciones de bater\u00eda, tutoriales y entrevistas en espa\u00f1ol con subt\u00edtulos en ingl\u00e9s.<\/p>","protected":false},"featured_media":10989,"template":"","meta":[],"product_brand":[],"product_cat":[97],"product_tag":[132,128,129],"class_list":{"0":"post-9699","1":"product","2":"type-product","3":"status-publish","4":"has-post-thumbnail","6":"product_cat-dvd","7":"product_tag-daniel-alfonso","8":"product_tag-dvd","9":"product_tag-music","10":"entry-post-skin-light","11":"entry","12":"clearfix","13":"entry-grid","14":"entry-columns-2","15":"entry-product-module-layout-sidebar-right","16":"thumbnail-color-tone-dark","17":"entry-product","19":"entry-product-grid","21":"first","22":"instock","23":"taxable","24":"shipping-taxable","25":"purchasable","26":"product-type-simple"},"_links":{"self":[{"href":"https:\/\/kabiosile.org\/es\/wp-json\/wp\/v2\/product\/9699","targetHints":{"allow":["GET"]}}],"collection":[{"href":"https:\/\/kabiosile.org\/es\/wp-json\/wp\/v2\/product"}],"about":[{"href":"https:\/\/kabiosile.org\/es\/wp-json\/wp\/v2\/types\/product"}],"wp:featuredmedia":[{"embeddable":true,"href":"https:\/\/kabiosile.org\/es\/wp-json\/wp\/v2\/media\/10989"}],"wp:attachment":[{"href":"https:\/\/kabiosile.org\/es\/wp-json\/wp\/v2\/media?parent=9699"}],"wp:term":[{"taxonomy":"product_brand","embeddable":true,"href":"https:\/\/kabiosile.org\/es\/wp-json\/wp\/v2\/product_brand?post=9699"},{"taxonomy":"product_cat","embeddable":true,"href":"https:\/\/kabiosile.org\/es\/wp-json\/wp\/v2\/product_cat?post=9699"},{"taxonomy":"product_tag","embeddable":true,"href":"https:\/\/kabiosile.org\/es\/wp-json\/wp\/v2\/product_tag?post=9699"}],"curies":[{"name":"Gracias","href":"https:\/\/api.w.org\/{rel}","templated":true}]}}