{"id":9701,"date":"2019-10-14T10:20:15","date_gmt":"2019-10-14T10:20:15","guid":{"rendered":"https:\/\/stage.wolfthemes.live\/herion\/?post_type=product&#038;p=9701"},"modified":"2022-07-22T03:46:10","modified_gmt":"2022-07-22T03:46:10","slug":"el-lenguaje-del-tambor-set-dvds-transcripciones","status":"publish","type":"product","link":"https:\/\/kabiosile.org\/es\/comercio\/el-lenguaje-del-tambor-set-dvds-transcripciones\/","title":{"rendered":"Set El Lenguaje del Tambor (DVDs + Transcripciones)"},"content":{"rendered":"<p>Este conjunto completo de 2 discos DVD El Lenguaje del Tambor ofrece 5 horas de demostraciones de bater\u00eda, tutoriales y entrevistas en espa\u00f1ol con subt\u00edtulos en ingl\u00e9s. Las transcripciones documentan los 19 ritmos reproducidos en el Disco 1.<\/p>","protected":false},"excerpt":{"rendered":"<p>Este conjunto completo de 2 discos DVD El Lenguaje del Tambor ofrece 5 horas de demostraciones de bater\u00eda, tutoriales y entrevistas en espa\u00f1ol con subt\u00edtulos en ingl\u00e9s. Las transcripciones documentan los 19 ritmos reproducidos en el Disco 1.<\/p>","protected":false},"featured_media":10988,"template":"","meta":[],"product_brand":[],"product_cat":[97,127],"product_tag":[133,132,128,129],"class_list":{"0":"post-9701","1":"product","2":"type-product","3":"status-publish","4":"has-post-thumbnail","6":"product_cat-dvd","7":"product_cat-book","8":"product_tag-book","9":"product_tag-daniel-alfonso","10":"product_tag-dvd","11":"product_tag-music","12":"product_shipping_class-overlimit","13":"entry-post-skin-light","14":"entry","15":"clearfix","16":"entry-grid","17":"entry-columns-2","18":"entry-product-module-layout-sidebar-right","19":"thumbnail-color-tone-dark","20":"entry-product","22":"entry-product-grid","24":"first","25":"instock","26":"taxable","27":"shipping-taxable","28":"purchasable","29":"product-type-simple"},"_links":{"self":[{"href":"https:\/\/kabiosile.org\/es\/wp-json\/wp\/v2\/product\/9701","targetHints":{"allow":["GET"]}}],"collection":[{"href":"https:\/\/kabiosile.org\/es\/wp-json\/wp\/v2\/product"}],"about":[{"href":"https:\/\/kabiosile.org\/es\/wp-json\/wp\/v2\/types\/product"}],"wp:featuredmedia":[{"embeddable":true,"href":"https:\/\/kabiosile.org\/es\/wp-json\/wp\/v2\/media\/10988"}],"wp:attachment":[{"href":"https:\/\/kabiosile.org\/es\/wp-json\/wp\/v2\/media?parent=9701"}],"wp:term":[{"taxonomy":"product_brand","embeddable":true,"href":"https:\/\/kabiosile.org\/es\/wp-json\/wp\/v2\/product_brand?post=9701"},{"taxonomy":"product_cat","embeddable":true,"href":"https:\/\/kabiosile.org\/es\/wp-json\/wp\/v2\/product_cat?post=9701"},{"taxonomy":"product_tag","embeddable":true,"href":"https:\/\/kabiosile.org\/es\/wp-json\/wp\/v2\/product_tag?post=9701"}],"curies":[{"name":"Gracias","href":"https:\/\/api.w.org\/{rel}","templated":true}]}}